{"id":1770,"date":"2018-04-16T13:13:16","date_gmt":"2018-04-16T13:13:16","guid":{"rendered":"https:\/\/3.81.85.85\/?page_id=836"},"modified":"2023-10-22T23:42:07","modified_gmt":"2023-10-23T04:42:07","slug":"destinos","status":"publish","type":"page","link":"https:\/\/destinopacifico.com\/en\/destinos\/","title":{"rendered":"Destinations"},"content":{"rendered":"<div data-elementor-type=\"wp-post\" data-elementor-id=\"1770\" class=\"elementor elementor-1770\" data-elementor-settings=\"[]\">\n\t\t\t<div class=\"elementor-inner\">\n\t\t\t\t<div class=\"elementor-section-wrap\">\n\t\t\t\t\t\t\t<section class=\"elementor-element elementor-element-e8611d4 elementor-section-boxed elementor-section-height-default elementor-section-height-default elementor-section elementor-top-section\" data-id=\"e8611d4\" data-element_type=\"section\">\n\t\t\t\t\t\t<div class=\"elementor-container elementor-column-gap-default\">\n\t\t\t\t<div class=\"elementor-row\">\n\t\t\t\t<div class=\"elementor-element elementor-element-4540c5a elementor-column elementor-col-100 elementor-top-column\" data-id=\"4540c5a\" data-element_type=\"column\">\n\t\t\t<div class=\"elementor-column-wrap  elementor-element-populated\">\n\t\t\t\t\t<div class=\"elementor-widget-wrap\">\n\t\t\t\t<div class=\"elementor-element elementor-element-009b444 elementor-widget elementor-widget-heading\" data-id=\"009b444\" data-element_type=\"widget\" data-widget_type=\"heading.default\">\n\t\t\t\t<div class=\"elementor-widget-container\">\n\t\t\t<h2 class=\"elementor-heading-title elementor-size-default\">Discover the Pacific<\/h2>\t\t<\/div>\n\t\t\t\t<\/div>\n\t\t\t\t<div class=\"elementor-element elementor-element-138b036 elementor-widget elementor-widget-text-editor\" data-id=\"138b036\" data-element_type=\"widget\" data-widget_type=\"text-editor.default\">\n\t\t\t\t<div class=\"elementor-widget-container\">\n\t\t\t\t\t<div class=\"elementor-text-editor elementor-clearfix\"><p>Dare to discover the Colombian Pacific, a world hidden in the geography of our country that has countless beauties to offer. Peaceful destination you about these beautiful destinations in facilitating the operation desk, so that the pacific is within the reach of all.<\/p><\/div>\n\t\t\t\t<\/div>\n\t\t\t\t<\/div>\n\t\t\t\t<div class=\"elementor-element elementor-element-88e5b24 elementor-invisible elementor-widget elementor-widget-dest-tax\" data-id=\"88e5b24\" data-element_type=\"widget\" data-settings=\"{&quot;_animation&quot;:&quot;fadeIn&quot;}\" data-widget_type=\"dest-tax.default\">\n\t\t\t\t<div class=\"elementor-widget-container\">\n\t\t\t\t\t<div class=\"wd-dest\">\n\t\t\t<div class=\"wd-dest-layout-grid ht-grid ht-grid-2 ht-grid-tablet-2 ht-grid-mobile-1\">\n\t\t\t\t<div class=\"wd-dest-content\" id=\"wd-dest-id-69e2a5e55829e\" >\n\t\t\t\t\t\t\t\t\t\t\t\t\t<div class=\"ht-grid-item\" itemscope=\"itemscope\" itemtype=\"https:\/\/schema.org\/CreativeWork\" >\n\t\t\t\t\t\t\t\t\t<div class=\"wdd-item\">\n\t\t\t\t\t\t\t\t\t\t<a class=\"wdd-head\" href=\"https:\/\/destinopacifico.com\/en\/destination\/buenaventura\/\"><\/a>\n\t\t\t\t\t\t\t\t\t\t<img class=\"wdd-img\" src=\"https:\/\/destinopacifico.com\/wp-content\/uploads\/2023\/07\/Buenaventura-puerto.jpeg\" alt=\"Tour list image\">\n\t\t\t\t\t\t\t\t\t\t<div class=\"wdd-cont\">\n\t\t\t\t\t\t\t\t\t\t\t<h3 class=\"wddc-name entry-title\" itemprop=\"headline\">Buenaventura<\/h3>\n\t\t\t\t\t\t\t\t\t\t\t<span class=\"wddc-count\">\n\t\t\t\t\t\t\t\t\t\t\t\t0 Tours\t\t\t\t\t\t\t\t\t\t\t<\/span>\n\t\t\t\t\t\t\t\t\t\t\t<div class=\"wddc-desc\" itemprop=\"text\"><p>Buenaventura is currently one of the most important tourist destinations of the pacific region, for those who want to make eco-friendly activities.<\/p>\n<\/div>\n\t\t\t\t\t\t\t\t\t\t<\/div>\n\t\t\t\t\t\t\t\t\t<\/div>\n\t\t\t\t\t\t\t\t<\/div>\n\t\t\t\t\t\t\t\t\t\t\t\t\t\t\t<div class=\"ht-grid-item\" itemscope=\"itemscope\" itemtype=\"https:\/\/schema.org\/CreativeWork\" >\n\t\t\t\t\t\t\t\t\t<div class=\"wdd-item\">\n\t\t\t\t\t\t\t\t\t\t<a class=\"wdd-head\" href=\"https:\/\/destinopacifico.com\/en\/destination\/ladrilleros\/\"><\/a>\n\t\t\t\t\t\t\t\t\t\t<img class=\"wdd-img\" src=\"https:\/\/destinopacifico.com\/wp-content\/uploads\/2018\/05\/IMG_8122-768x512.jpg\" alt=\"Tour list image\">\n\t\t\t\t\t\t\t\t\t\t<div class=\"wdd-cont\">\n\t\t\t\t\t\t\t\t\t\t\t<h3 class=\"wddc-name entry-title\" itemprop=\"headline\">Bah\u00eda M\u00e1laga \u2013  Ladrilleros<\/h3>\n\t\t\t\t\t\t\t\t\t\t\t<span class=\"wddc-count\">\n\t\t\t\t\t\t\t\t\t\t\t\t5 Tours\t\t\t\t\t\t\t\t\t\t\t<\/span>\n\t\t\t\t\t\t\t\t\t\t\t<div class=\"wddc-desc\" itemprop=\"text\"><p>The Parque Nacional Natural Uramba \u2013 Bah\u00eda M\u00e1laga represents the most beautiful union between the jungle and the sea. In this destination you can connect with nature while enjoying the beaches of brick kiln workers bathed by the warm waters of the pacific<\/p>\n<\/div>\n\t\t\t\t\t\t\t\t\t\t<\/div>\n\t\t\t\t\t\t\t\t\t<\/div>\n\t\t\t\t\t\t\t\t<\/div>\n\t\t\t\t\t\t\t\t\t\t\t<\/div>\n\t\t\t<\/div>\n\t\t<\/div>\n\t\t\t<\/div>\n\t\t\t\t<\/div>\n\t\t\t\t\t\t<\/div>\n\t\t\t<\/div>\n\t\t<\/div>\n\t\t\t\t\t\t<\/div>\n\t\t\t<\/div>\n\t\t<\/section>\n\t\t\t\t\t\t<\/div>\n\t\t\t<\/div>\n\t\t<\/div>","protected":false},"excerpt":{"rendered":"<p>Descubre el Pac\u00edfico Atr\u00e9vete a descubrir el Pac\u00edfico Colombiano, un mundo oculto en la geograf\u00eda de nuestro pa\u00eds que tiene incontables bellezas para ofrecerte. Destino Pac\u00edfico te acerca a estos bellos destinos facilitando la operaci\u00f3n tur\u00edstica, de forma que el pac\u00edfico est\u00e9 al alcance de todos. Cauca 4 Tours El cauca se caracteriza por ser<\/p>","protected":false},"author":2,"featured_media":2656,"parent":0,"menu_order":0,"comment_status":"closed","ping_status":"closed","template":"","meta":{"spay_email":""},"yoast_head":"<!-- This site is optimized with the Yoast SEO plugin v16.0.2 - https:\/\/yoast.com\/wordpress\/plugins\/seo\/ -->\n<title>Destinos - Destino Pac\u00edfico<\/title>\n<link rel=\"canonical\" href=\"https:\/\/destinopacifico.com\/en\/destinos\/\" \/>\n<meta property=\"og:locale\" content=\"en_US\" \/>\n<meta property=\"og:type\" content=\"article\" \/>\n<meta property=\"og:title\" content=\"Destinos - Destino Pac\u00edfico\" \/>\n<meta property=\"og:description\" content=\"Descubre el Pac\u00edfico Atr\u00e9vete a descubrir el Pac\u00edfico Colombiano, un mundo oculto en la geograf\u00eda de nuestro pa\u00eds que tiene incontables bellezas para ofrecerte. Destino Pac\u00edfico te acerca a estos bellos destinos facilitando la operaci\u00f3n tur\u00edstica, de forma que el pac\u00edfico est\u00e9 al alcance de todos. Cauca 4 Tours El cauca se caracteriza por ser\" \/>\n<meta property=\"og:url\" content=\"https:\/\/destinopacifico.com\/en\/destinos\/\" \/>\n<meta property=\"og:site_name\" content=\"Destino Pac\u00edfico\" \/>\n<meta property=\"article:modified_time\" content=\"2023-10-23T04:42:07+00:00\" \/>\n<meta property=\"og:image\" content=\"https:\/\/destinopacifico.com\/wp-content\/uploads\/2023\/10\/Background-1-home.jpg\" \/>\n\t<meta property=\"og:image:width\" content=\"2400\" \/>\n\t<meta property=\"og:image:height\" content=\"1599\" \/>\n<meta name=\"twitter:card\" content=\"summary_large_image\" \/>\n<meta name=\"twitter:label1\" content=\"Est. reading time\">\n\t<meta name=\"twitter:data1\" content=\"2 minutes\">\n<script type=\"application\/ld+json\" class=\"yoast-schema-graph\">{\"@context\":\"https:\/\/schema.org\",\"@graph\":[{\"@type\":\"Organization\",\"@id\":\"https:\/\/destinopacifico.com\/#organization\",\"name\":\"Destino Pac\\u00edfico\",\"url\":\"https:\/\/destinopacifico.com\/\",\"sameAs\":[],\"logo\":{\"@type\":\"ImageObject\",\"@id\":\"https:\/\/destinopacifico.com\/#logo\",\"inLanguage\":\"en-US\",\"url\":\"https:\/\/destinopacifico.com\/wp-content\/uploads\/2020\/02\/Isotipo-Azul-01.png\",\"width\":400,\"height\":400,\"caption\":\"Destino Pac\\u00edfico\"},\"image\":{\"@id\":\"https:\/\/destinopacifico.com\/#logo\"}},{\"@type\":\"WebSite\",\"@id\":\"https:\/\/destinopacifico.com\/#website\",\"url\":\"https:\/\/destinopacifico.com\/\",\"name\":\"Destino Pac\\u00edfico\",\"description\":\"Agencia de viajes y Turismo\",\"publisher\":{\"@id\":\"https:\/\/destinopacifico.com\/#organization\"},\"potentialAction\":[{\"@type\":\"SearchAction\",\"target\":\"https:\/\/destinopacifico.com\/?s={search_term_string}\",\"query-input\":\"required name=search_term_string\"}],\"inLanguage\":\"en-US\"},{\"@type\":\"ImageObject\",\"@id\":\"https:\/\/destinopacifico.com\/destinos\/#primaryimage\",\"inLanguage\":\"en-US\",\"url\":\"https:\/\/destinopacifico.com\/wp-content\/uploads\/2023\/10\/Background-1-home.jpg\",\"width\":2400,\"height\":1599},{\"@type\":\"WebPage\",\"@id\":\"https:\/\/destinopacifico.com\/destinos\/#webpage\",\"url\":\"https:\/\/destinopacifico.com\/destinos\/\",\"name\":\"Destinos - Destino Pac\\u00edfico\",\"isPartOf\":{\"@id\":\"https:\/\/destinopacifico.com\/#website\"},\"primaryImageOfPage\":{\"@id\":\"https:\/\/destinopacifico.com\/destinos\/#primaryimage\"},\"datePublished\":\"2018-04-16T13:13:16+00:00\",\"dateModified\":\"2023-10-23T04:42:07+00:00\",\"breadcrumb\":{\"@id\":\"https:\/\/destinopacifico.com\/destinos\/#breadcrumb\"},\"inLanguage\":\"en-US\",\"potentialAction\":[{\"@type\":\"ReadAction\",\"target\":[\"https:\/\/destinopacifico.com\/destinos\/\"]}]},{\"@type\":\"BreadcrumbList\",\"@id\":\"https:\/\/destinopacifico.com\/destinos\/#breadcrumb\",\"itemListElement\":[{\"@type\":\"ListItem\",\"position\":1,\"item\":{\"@type\":\"WebPage\",\"@id\":\"https:\/\/destinopacifico.com\/\",\"url\":\"https:\/\/destinopacifico.com\/\",\"name\":\"Portada\"}},{\"@type\":\"ListItem\",\"position\":2,\"item\":{\"@type\":\"WebPage\",\"@id\":\"https:\/\/destinopacifico.com\/destinos\/\",\"url\":\"https:\/\/destinopacifico.com\/destinos\/\",\"name\":\"Destinos\"}}]}]}<\/script>\n<!-- \/ Yoast SEO plugin. -->","_links":{"self":[{"href":"https:\/\/destinopacifico.com\/en\/wp-json\/wp\/v2\/pages\/1770"}],"collection":[{"href":"https:\/\/destinopacifico.com\/en\/wp-json\/wp\/v2\/pages"}],"about":[{"href":"https:\/\/destinopacifico.com\/en\/wp-json\/wp\/v2\/types\/page"}],"author":[{"embeddable":true,"href":"https:\/\/destinopacifico.com\/en\/wp-json\/wp\/v2\/users\/2"}],"replies":[{"embeddable":true,"href":"https:\/\/destinopacifico.com\/en\/wp-json\/wp\/v2\/comments?post=1770"}],"version-history":[{"count":2,"href":"https:\/\/destinopacifico.com\/en\/wp-json\/wp\/v2\/pages\/1770\/revisions"}],"predecessor-version":[{"id":2668,"href":"https:\/\/destinopacifico.com\/en\/wp-json\/wp\/v2\/pages\/1770\/revisions\/2668"}],"wp:featuredmedia":[{"embeddable":true,"href":"https:\/\/destinopacifico.com\/en\/wp-json\/wp\/v2\/media\/2656"}],"wp:attachment":[{"href":"https:\/\/destinopacifico.com\/en\/wp-json\/wp\/v2\/media?parent=1770"}],"curies":[{"name":"wp","href":"https:\/\/api.w.org\/{rel}","templated":true}]}}